{"id":1626,"date":"2024-09-12T16:10:30","date_gmt":"2024-09-12T09:10:30","guid":{"rendered":"https:\/\/kasunair.com.vn\/?page_id=1626"},"modified":"2024-09-12T17:13:53","modified_gmt":"2024-09-12T10:13:53","slug":"chinh-sach-bao-mat-2","status":"publish","type":"page","link":"https:\/\/kasunair.com.vn\/zh\/chinh-sach-bao-mat-2\/","title":{"rendered":"\u96b1\u79c1\u6b0a\u653f\u7b56"},"content":{"rendered":"<h3 class=\"wp-block-heading\">1. <strong>M\u1ee5c \u0111\u00edch v\u00e0 ph\u1ea1m vi thu th\u1eadp th\u00f4ng tin:<\/strong><\/h3>\n\n\n\n<p>&nbsp;<mark style=\"background-color:rgba(0, 0, 0, 0)\" class=\"has-inline-color has-vivid-cyan-blue-color\"><strong>KASUNAIR<\/strong> <\/mark>s\u1ebd kh\u00f4ng b\u00e1n, chia s\u1ebb hay trao \u0111\u1ed5i b\u1ea5t k\u1ef3 th\u00f4ng tin c\u00e1 nh\u00e2n c\u1ee7a kh\u00e1ch h\u00e0ng \u0111\u01b0\u1ee3c thu th\u1eadp tr\u00ean trang web cho m\u1ed9t b\u00ean th\u1ee9 ba n\u00e0o kh\u00e1c.<\/p>\n\n\n\n<p>Th\u00f4ng tin c\u00e1 nh\u00e2n thu th\u1eadp \u0111\u01b0\u1ee3c s\u1ebd ch\u1ec9 \u0111\u01b0\u1ee3c s\u1eed d\u1ee5ng trong n\u1ed9i b\u1ed9 c\u00f4ng ty.<\/p>\n\n\n\n<p>Khi b\u1ea1n li\u00ean h\u1ec7 \u0111\u0103ng k\u00fd d\u1ecbch v\u1ee5, th\u00f4ng tin c\u00e1 nh\u00e2n m\u00e0 <strong><mark style=\"background-color:rgba(0, 0, 0, 0)\" class=\"has-inline-color has-vivid-cyan-blue-color\">KASUNAIR <\/mark><\/strong>thu th\u1eadp bao g\u1ed3m:<\/p>\n\n\n\n<ul class=\"wp-block-list\">\n<li>H\u1ecd v\u00e0 t\u00ean<\/li>\n\n\n\n<li>\u516c\u53f8\u540d\u7a31<\/li>\n\n\n\n<li>\u90f5\u4ef6<\/li>\n<\/ul>\n\n\n\n<p>Ngo\u00e0i th\u00f4ng tin c\u00e1 nh\u00e2n l\u00e0 c\u00e1c th\u00f4ng tin v\u1ec1 d\u1ecbch v\u1ee5<\/p>\n\n\n\n<ul class=\"wp-block-list\">\n<li>T\u00ean s\u1ea3n ph\u1ea9m<\/li>\n\n\n\n<li>S\u1ed1 l\u01b0\u1ee3ng<\/li>\n<\/ul>\n\n\n\n<p>Vi\u1ec7c thu nh\u1eadp th\u00f4ng tin kh\u00e1ch h\u00e0ng tr\u00ean website nh\u01b0 email, s\u1ed1 \u0111i\u1ec7n tho\u1ea1i, \u0111\u1ecba ch\u1ec9 kh\u00e1ch h\u00e0ng (n\u1ebfu c\u00f3) l\u00e0 nh\u1eefng th\u00f4ng tin b\u1eaft bu\u1ed9c \u0111\u1ec3 nh\u00e2n vi\u00ean ch\u00fang t\u00f4i c\u00f3 th\u1ec3 li\u00ean l\u1ea1c v\u00e0 x\u00e1c nh\u1eadn nh\u1eb1m \u0111\u1ea3m b\u1ea3o quy\u1ec1n l\u1ee3i cho kh\u00e1ch h\u00e0ng.<\/p>\n\n\n\n<h3 class=\"wp-block-heading\">2. <strong>Ph\u1ea1m vi s\u1eed d\u1ee5ng th\u00f4ng tin:<\/strong><\/h3>\n\n\n\n<p>Th\u00f4ng tin c\u00e1 nh\u00e2n thu th\u1eadp \u0111\u01b0\u1ee3c s\u1ebd \u0111\u01b0\u1ee3c <mark style=\"background-color:rgba(0, 0, 0, 0)\" class=\"has-inline-color has-vivid-cyan-blue-color\"><strong>KASUNAIR<\/strong> <\/mark>s\u1eed d\u1ee5ng trong n\u1ed9i b\u1ed9 c\u00f4ng ty v\u1edbi nh\u1eefng m\u1ee5c \u0111\u00edch sau \u0111\u00e2y:<\/p>\n\n\n\n<ul class=\"wp-block-list\">\n<li>Li\u00ean h\u1ec7 x\u00e1c nh\u1eadn th\u00f4ng tin \u0111\u01a1n h\u00e0ng ho\u1eb7c t\u01b0 v\u1ea5n v\u1ec1 s\u1ea3n ph\u1ea9m theo y\u00eau c\u1ea7u c\u1ee7a kh\u00e1ch h\u00e0ng.<\/li>\n\n\n\n<li>Cung c\u1ea5p th\u00f4ng tin li\u00ean quan \u0111\u1ebfn d\u1ecbch v\u1ee5<\/li>\n\n\n\n<li>X\u1eed l\u00fd \u0111\u01a1n \u0111\u1eb7t h\u00e0ng v\u00e0 cung c\u1ea5p d\u1ecbch v\u1ee5 v\u00e0 th\u00f4ng tin qua trang web c\u1ee7a ch\u00fang t\u00f4i theo y\u00eau c\u1ea7u c\u1ee7a b\u1ea1n<\/li>\n\n\n\n<li>Ngo\u00e0i ra, ch\u00fang t\u00f4i s\u1ebd s\u1eed d\u1ee5ng th\u00f4ng tin b\u1ea1n cung c\u1ea5p \u0111\u1ec3 h\u1ed7 tr\u1ee3 qu\u1ea3n l\u00fd t\u00e0i kho\u1ea3n kh\u00e1ch h\u00e0ng; x\u00e1c nh\u1eadn v\u00e0 th\u1ef1c hi\u1ec7n c\u00e1c giao d\u1ecbch t\u00e0i ch\u00ednh li\u00ean quan \u0111\u1ebfn c\u00e1c kho\u1ea3n thanh to\u00e1n tr\u1ef1c tuy\u1ebfn c\u1ee7a b\u1ea1n.<\/li>\n<\/ul>\n\n\n\n<h3 class=\"wp-block-heading\">3. <strong>Th\u1eddi gian l\u01b0u tr\u1eef th\u00f4ng tin:<\/strong><\/h3>\n\n\n\n<p>\u0110\u1ed1i v\u1edbi th\u00f4ng tin c\u00e1 nh\u00e2n c\u1ee7a kh\u00e1ch h\u00e0ng, <mark style=\"background-color:rgba(0, 0, 0, 0)\" class=\"has-inline-color has-vivid-cyan-blue-color\"><strong>KASUNAIR<\/strong> <\/mark>ch\u1ec9 x\u00f3a \u0111i d\u1eef li\u1ec7u n\u00e0y khi c\u00f3 y\u00eau c\u1ea7u h\u1ee7y b\u1ecf t\u1eeb ban qu\u1ea3n tr\u1ecb ho\u1eb7c n\u1ebfu kh\u00e1ch h\u00e0ng c\u00f3 y\u00eau c\u1ea7u. C\u00f2n l\u1ea1i c\u00e1c th\u00f4ng tin kh\u00e1ch h\u00e0ng s\u1ebd \u0111\u01b0\u1ee3c b\u1ea3o m\u1eadt tr\u00ean m\u00e1y ch\u1ee7 c\u1ee7a c\u00f4ng ty ch\u00fang t\u00f4i.<\/p>\n\n\n\n<h3 class=\"wp-block-heading\">4. <strong>\u0110\u1ecba ch\u1ec9 c\u1ee7a \u0111\u01a1n v\u1ecb thu th\u1eadp v\u00e0 qu\u1ea3n l\u00fd th\u00f4ng tin c\u00e1 nh\u00e2n:<\/strong><\/h3>\n\n\n\n<p><strong>\u5609\u76db\u5de5\u696d\u8cac\u4efb\u6709\u9650\u516c\u53f8<\/strong><\/p>\n\n\n\n<p>\u00bb \u0110\u1ecba ch\u1ec9: 113\/13 \u0111\u01b0\u1eddng s\u1ed1 11, Khu ph\u1ed1 4, Ph\u01b0\u1eddng Linh Xu\u00e2n, Q.Th\u1ee7 \u0110\u1ee9c,TP.HCM<\/p>\n\n\n\n<p>\u00bb S\u1ed1 \u0111i\u1ec7n tho\u1ea1i: (84.28) 62831 828\/829\/839<\/p>\n\n\n\n<p>\u00bb Email: <a href=\"mailto:kasun@kasunair.com\">kasun@kasunair.com<\/a> \/ <a href=\"mailto:kasunair.vn@gmail.com\">kasunair.vn@gmail.com<\/a><\/p>\n\n\n\n<p>\u00bb Website: <a href=\"https:\/\/kasunair.com.vn\/zh\/\">https:\/\/kasunair.com.vn<\/a><\/p>\n\n\n\n<h3 class=\"wp-block-heading\">5. <strong>Ph\u01b0\u01a1ng ti\u1ec7n v\u00e0 c\u00f4ng c\u1ee5 \u0111\u1ec3 ng\u01b0\u1eddi d\u00f9ng ti\u1ebfp c\u1eadn v\u00e0 ch\u1ec9nh s\u1eeda d\u1eef li\u1ec7u c\u00e1 nh\u00e2n c\u1ee7a m\u00ecnh<\/strong><\/h3>\n\n\n\n<p><mark style=\"background-color:rgba(0, 0, 0, 0)\" class=\"has-inline-color has-vivid-cyan-blue-color\"><strong>KASUNAIR<\/strong> <\/mark>kh\u00f4ng thu th\u1eadp th\u00f4ng tin kh\u00e1ch h\u00e0ng qua trang web, th\u00f4ng tin c\u00e1 nh\u00e2n kh\u00e1ch h\u00e0ng \u0111\u01b0\u1ee3c th\u1ef1c hi\u1ec7n thu th\u1eadp qua email li\u00ean h\u1ec7 \u0111\u1eb7t mua s\u1ea3n ph\u1ea9m, d\u1ecbch v\u1ee5 g\u1eedi v\u1ec1 h\u1ed9p mail c\u1ee7a ch\u00fang t\u00f4i: <a href=\"mailto:kasun@kasunair.com\">kasun@kasunair.com<\/a> \/ <a href=\"mailto:kasunair.vn@gmail.com\">kasunair.vn@gmail.com<\/a> ho\u1eb7c s\u1ed1 \u0111i\u1ec7n tho\u1ea1i li\u00ean h\u1ec7 \u0111\u1eb7t mua s\u1ea3n ph\u1ea9m g\u1ecdi v\u1ec1 <strong>(84.28) 62831 828\/829\/839<\/strong>. Kh\u00e1ch h\u00e0ng c\u00f3 th\u1ec3 li\u00ean h\u1ec7 qua \u0111\u1ecba ch\u1ec9 email ho\u1eb7c s\u1ed1 \u0111i\u1ec7n tho\u1ea1i tr\u00ean \u0111\u1ec3 y\u00eau c\u1ea7u c\u1eadp nh\u1eadt, ch\u1ec9nh s\u1eeda ho\u1eb7c h\u1ee7y b\u1ecf d\u1eef li\u1ec7u c\u00e1 nh\u00e2n c\u1ee7a m\u00ecnh.<\/p>\n\n\n\n<h3 class=\"wp-block-heading\">6. <strong>Cam k\u1ebft b\u1ea3o m\u1eadt th\u00f4ng tin c\u00e1 nh\u00e2n kh\u00e1ch h\u00e0ng:<\/strong><\/h3>\n\n\n\n<p>\u5728\u5609\u76db <strong><mark style=\"background-color:rgba(0, 0, 0, 0)\" class=\"has-inline-color has-vivid-cyan-blue-color\">KASUNAIR<\/mark><\/strong>, vi\u1ec7c b\u1ea3o v\u1ec7 th\u00f4ng tin c\u00e1 nh\u00e2n c\u1ee7a Qu\u00fd kh\u00e1ch h\u00e0ng l\u00e0 r\u1ea5t quan tr\u1ecdng, Qu\u00fd kh\u00e1ch h\u00e0ng \u0111\u01b0\u1ee3c \u0111\u1ea3m b\u1ea3o r\u1eb1ng th\u00f4ng tin cung c\u1ea5p cho ch\u00fang t\u00f4i s\u1ebd \u0111\u01b0\u1ee3c <mark style=\"background-color:rgba(0, 0, 0, 0)\" class=\"has-inline-color has-vivid-cyan-blue-color\"><strong>KASUNAIR<\/strong> <\/mark>cam k\u1ebft kh\u00f4ng chia s\u1ebb, b\u00e1n ho\u1eb7c cho thu\u00ea th\u00f4ng tin c\u00e1 nh\u00e2n c\u1ee7a kh\u00e1ch h\u00e0ng cho b\u1ea5t k\u1ef3 ng\u01b0\u1eddi n\u00e0o kh\u00e1c. <mark style=\"background-color:rgba(0, 0, 0, 0)\" class=\"has-inline-color has-vivid-cyan-blue-color\"><strong>KASUNAIR<\/strong> <\/mark>cam k\u1ebft ch\u1ec9 s\u1eed d\u1ee5ng c\u00e1c th\u00f4ng tin c\u1ee7a kh\u00e1ch h\u00e0ng v\u00e0o c\u00e1c tr\u01b0\u1eddng h\u1ee3p sau:<\/p>\n\n\n\n<ul class=\"wp-block-list\">\n<li>N\u00e2ng cao ch\u1ea5t l\u01b0\u1ee3ng d\u1ecbch v\u1ee5 d\u00e0nh cho kh\u00e1ch h\u00e0ng<\/li>\n\n\n\n<li>Gi\u1ea3i quy\u1ebft c\u00e1c tranh ch\u1ea5p, khi\u1ebfu n\u1ea1i<\/li>\n\n\n\n<li>Khi c\u01a1 quan ph\u00e1p lu\u1eadt c\u00f3 y\u00eau c\u1ea7u.<\/li>\n<\/ul>\n\n\n\n<p><mark style=\"background-color:rgba(0, 0, 0, 0)\" class=\"has-inline-color has-vivid-cyan-blue-color\"><strong>KASUNAIR<\/strong> <\/mark>hi\u1ec3u r\u1eb1ng quy\u1ec1n l\u1ee3i c\u1ee7a b\u1ea1n trong vi\u1ec7c b\u1ea3o v\u1ec7 th\u00f4ng tin c\u00e1 nh\u00e2n c\u0169ng ch\u00ednh l\u00e0 tr\u00e1ch nhi\u1ec7m c\u1ee7a ch\u00fang t\u00f4i n\u00ean trong b\u1ea5t k\u1ef3 tr\u01b0\u1eddng h\u1ee3p c\u00f3 th\u1eafc m\u1eafc, g\u00f3p \u00fd n\u00e0o li\u00ean quan \u0111\u1ebfn ch\u00ednh s\u00e1ch b\u1ea3o m\u1eadt c\u1ee7a <mark style=\"background-color:rgba(0, 0, 0, 0)\" class=\"has-inline-color has-vivid-cyan-blue-color\"><strong>KASUNAIR<\/strong> <\/mark>, vui l\u00f2ng li\u00ean h\u1ec7 qua s\u1ed1 hotline <strong>0913804378<\/strong> ho\u1eb7c email: <a href=\"mailto:kasun@kasunair.com\">kasun@kasunair.com<\/a> \/ <a href=\"mailto:kasunair.vn@gmail.com\">kasunair.vn@gmail.com<\/a><\/p>","protected":false},"excerpt":{"rendered":"<p>1. M\u1ee5c \u0111\u00edch v\u00e0 ph\u1ea1m vi thu th\u1eadp th\u00f4ng tin: &nbsp;KASUNAIR s\u1ebd kh\u00f4ng b\u00e1n, chia s\u1ebb hay trao \u0111\u1ed5i b\u1ea5t k\u1ef3 th\u00f4ng tin c\u00e1 nh\u00e2n c\u1ee7a kh\u00e1ch h\u00e0ng \u0111\u01b0\u1ee3c thu th\u1eadp tr\u00ean trang web cho m\u1ed9t b\u00ean th\u1ee9 ba n\u00e0o kh\u00e1c. Th\u00f4ng tin c\u00e1 nh\u00e2n thu th\u1eadp \u0111\u01b0\u1ee3c s\u1ebd ch\u1ec9 \u0111\u01b0\u1ee3c s\u1eed d\u1ee5ng trong n\u1ed9i [&hellip;]<\/p>","protected":false},"author":1,"featured_media":0,"parent":0,"menu_order":0,"comment_status":"closed","ping_status":"closed","template":"template-parts\/policy.php","meta":{"footnotes":""},"class_list":["post-1626","page","type-page","status-publish","hentry"],"acf":[],"yoast_head":"<!-- This site is optimized with the Yoast SEO plugin v26.7 - https:\/\/yoast.com\/wordpress\/plugins\/seo\/ -->\n<title>Ch\u00ednh s\u00e1ch b\u1ea3o m\u1eadt -<\/title>\n<meta name=\"robots\" content=\"index, follow, max-snippet:-1, max-image-preview:large, max-video-preview:-1\" \/>\n<link rel=\"canonical\" href=\"https:\/\/kasunair.com.vn\/zh\/chinh-sach-bao-mat-2\/\" \/>\n<meta property=\"og:locale\" content=\"zh_TW\" \/>\n<meta property=\"og:type\" content=\"article\" \/>\n<meta property=\"og:title\" content=\"Ch\u00ednh s\u00e1ch b\u1ea3o m\u1eadt -\" \/>\n<meta property=\"og:description\" content=\"1. M\u1ee5c \u0111\u00edch v\u00e0 ph\u1ea1m vi thu th\u1eadp th\u00f4ng tin: &nbsp;KASUNAIR s\u1ebd kh\u00f4ng b\u00e1n, chia s\u1ebb hay trao \u0111\u1ed5i b\u1ea5t k\u1ef3 th\u00f4ng tin c\u00e1 nh\u00e2n c\u1ee7a kh\u00e1ch h\u00e0ng \u0111\u01b0\u1ee3c thu th\u1eadp tr\u00ean trang web cho m\u1ed9t b\u00ean th\u1ee9 ba n\u00e0o kh\u00e1c. Th\u00f4ng tin c\u00e1 nh\u00e2n thu th\u1eadp \u0111\u01b0\u1ee3c s\u1ebd ch\u1ec9 \u0111\u01b0\u1ee3c s\u1eed d\u1ee5ng trong n\u1ed9i [&hellip;]\" \/>\n<meta property=\"og:url\" content=\"https:\/\/kasunair.com.vn\/zh\/chinh-sach-bao-mat-2\/\" \/>\n<meta property=\"article:modified_time\" content=\"2024-09-12T10:13:53+00:00\" \/>\n<meta name=\"twitter:card\" content=\"summary_large_image\" \/>\n<meta name=\"twitter:label1\" content=\"\u9810\u4f30\u95b1\u8b80\u6642\u9593\" \/>\n\t<meta name=\"twitter:data1\" content=\"3 \u5206\u9418\" \/>\n<script type=\"application\/ld+json\" class=\"yoast-schema-graph\">{\"@context\":\"https:\/\/schema.org\",\"@graph\":[{\"@type\":\"WebPage\",\"@id\":\"https:\/\/kasunair.com.vn\/chinh-sach-bao-mat-2\/\",\"url\":\"https:\/\/kasunair.com.vn\/chinh-sach-bao-mat-2\/\",\"name\":\"Ch\u00ednh s\u00e1ch b\u1ea3o m\u1eadt -\",\"isPartOf\":{\"@id\":\"https:\/\/kasunair.com.vn\/#website\"},\"datePublished\":\"2024-09-12T09:10:30+00:00\",\"dateModified\":\"2024-09-12T10:13:53+00:00\",\"breadcrumb\":{\"@id\":\"https:\/\/kasunair.com.vn\/chinh-sach-bao-mat-2\/#breadcrumb\"},\"inLanguage\":\"zh-TW\",\"potentialAction\":[{\"@type\":\"ReadAction\",\"target\":[\"https:\/\/kasunair.com.vn\/chinh-sach-bao-mat-2\/\"]}]},{\"@type\":\"BreadcrumbList\",\"@id\":\"https:\/\/kasunair.com.vn\/chinh-sach-bao-mat-2\/#breadcrumb\",\"itemListElement\":[{\"@type\":\"ListItem\",\"position\":1,\"name\":\"Trang ch\u1ee7\",\"item\":\"https:\/\/kasunair.com.vn\/\"},{\"@type\":\"ListItem\",\"position\":2,\"name\":\"Ch\u00ednh s\u00e1ch b\u1ea3o m\u1eadt\"}]},{\"@type\":\"WebSite\",\"@id\":\"https:\/\/kasunair.com.vn\/#website\",\"url\":\"https:\/\/kasunair.com.vn\/\",\"name\":\"\",\"description\":\"Industrial HVAC equipment manufacturer\",\"potentialAction\":[{\"@type\":\"SearchAction\",\"target\":{\"@type\":\"EntryPoint\",\"urlTemplate\":\"https:\/\/kasunair.com.vn\/?s={search_term_string}\"},\"query-input\":{\"@type\":\"PropertyValueSpecification\",\"valueRequired\":true,\"valueName\":\"search_term_string\"}}],\"inLanguage\":\"zh-TW\"}]}<\/script>\n<!-- \/ Yoast SEO plugin. -->","yoast_head_json":{"title":"Ch\u00ednh s\u00e1ch b\u1ea3o m\u1eadt -","robots":{"index":"index","follow":"follow","max-snippet":"max-snippet:-1","max-image-preview":"max-image-preview:large","max-video-preview":"max-video-preview:-1"},"canonical":"https:\/\/kasunair.com.vn\/zh\/chinh-sach-bao-mat-2\/","og_locale":"zh_TW","og_type":"article","og_title":"Ch\u00ednh s\u00e1ch b\u1ea3o m\u1eadt -","og_description":"1. M\u1ee5c \u0111\u00edch v\u00e0 ph\u1ea1m vi thu th\u1eadp th\u00f4ng tin: &nbsp;KASUNAIR s\u1ebd kh\u00f4ng b\u00e1n, chia s\u1ebb hay trao \u0111\u1ed5i b\u1ea5t k\u1ef3 th\u00f4ng tin c\u00e1 nh\u00e2n c\u1ee7a kh\u00e1ch h\u00e0ng \u0111\u01b0\u1ee3c thu th\u1eadp tr\u00ean trang web cho m\u1ed9t b\u00ean th\u1ee9 ba n\u00e0o kh\u00e1c. Th\u00f4ng tin c\u00e1 nh\u00e2n thu th\u1eadp \u0111\u01b0\u1ee3c s\u1ebd ch\u1ec9 \u0111\u01b0\u1ee3c s\u1eed d\u1ee5ng trong n\u1ed9i [&hellip;]","og_url":"https:\/\/kasunair.com.vn\/zh\/chinh-sach-bao-mat-2\/","article_modified_time":"2024-09-12T10:13:53+00:00","twitter_card":"summary_large_image","twitter_misc":{"\u9810\u4f30\u95b1\u8b80\u6642\u9593":"3 \u5206\u9418"},"schema":{"@context":"https:\/\/schema.org","@graph":[{"@type":"WebPage","@id":"https:\/\/kasunair.com.vn\/chinh-sach-bao-mat-2\/","url":"https:\/\/kasunair.com.vn\/chinh-sach-bao-mat-2\/","name":"Ch\u00ednh s\u00e1ch b\u1ea3o m\u1eadt -","isPartOf":{"@id":"https:\/\/kasunair.com.vn\/#website"},"datePublished":"2024-09-12T09:10:30+00:00","dateModified":"2024-09-12T10:13:53+00:00","breadcrumb":{"@id":"https:\/\/kasunair.com.vn\/chinh-sach-bao-mat-2\/#breadcrumb"},"inLanguage":"zh-TW","potentialAction":[{"@type":"ReadAction","target":["https:\/\/kasunair.com.vn\/chinh-sach-bao-mat-2\/"]}]},{"@type":"BreadcrumbList","@id":"https:\/\/kasunair.com.vn\/chinh-sach-bao-mat-2\/#breadcrumb","itemListElement":[{"@type":"ListItem","position":1,"name":"Trang ch\u1ee7","item":"https:\/\/kasunair.com.vn\/"},{"@type":"ListItem","position":2,"name":"Ch\u00ednh s\u00e1ch b\u1ea3o m\u1eadt"}]},{"@type":"WebSite","@id":"https:\/\/kasunair.com.vn\/#website","url":"https:\/\/kasunair.com.vn\/","name":"","description":"Industrial HVAC equipment manufacturer","potentialAction":[{"@type":"SearchAction","target":{"@type":"EntryPoint","urlTemplate":"https:\/\/kasunair.com.vn\/?s={search_term_string}"},"query-input":{"@type":"PropertyValueSpecification","valueRequired":true,"valueName":"search_term_string"}}],"inLanguage":"zh-TW"}]}},"_links":{"self":[{"href":"https:\/\/kasunair.com.vn\/zh\/wp-json\/wp\/v2\/pages\/1626","targetHints":{"allow":["GET"]}}],"collection":[{"href":"https:\/\/kasunair.com.vn\/zh\/wp-json\/wp\/v2\/pages"}],"about":[{"href":"https:\/\/kasunair.com.vn\/zh\/wp-json\/wp\/v2\/types\/page"}],"author":[{"embeddable":true,"href":"https:\/\/kasunair.com.vn\/zh\/wp-json\/wp\/v2\/users\/1"}],"replies":[{"embeddable":true,"href":"https:\/\/kasunair.com.vn\/zh\/wp-json\/wp\/v2\/comments?post=1626"}],"version-history":[{"count":2,"href":"https:\/\/kasunair.com.vn\/zh\/wp-json\/wp\/v2\/pages\/1626\/revisions"}],"predecessor-version":[{"id":1645,"href":"https:\/\/kasunair.com.vn\/zh\/wp-json\/wp\/v2\/pages\/1626\/revisions\/1645"}],"wp:attachment":[{"href":"https:\/\/kasunair.com.vn\/zh\/wp-json\/wp\/v2\/media?parent=1626"}],"curies":[{"name":"wp","href":"https:\/\/api.w.org\/{rel}","templated":true}]}}