{"id":1617,"date":"2024-09-12T14:08:56","date_gmt":"2024-09-12T07:08:56","guid":{"rendered":"https:\/\/kasunair.com.vn\/?page_id=1617"},"modified":"2024-09-12T17:09:31","modified_gmt":"2024-09-12T10:09:31","slug":"chinh-sach-doi-tra","status":"publish","type":"page","link":"https:\/\/kasunair.com.vn\/zh\/chinh-sach-doi-tra\/","title":{"rendered":"\u9000\u63db\u8ca8\u653f\u7b56"},"content":{"rendered":"<p>\u0110i\u1ec1u ki\u1ec7n v\u1ec1 th\u1eddi gian \u0111\u1ed5i h\u00e0ng: trong v\u00f2ng 01 ng\u00e0y k\u1ec3 t\u1eeb khi nh\u1eadn \u0111\u01b0\u1ee3c h\u00e0ng v\u00e0 ph\u1ea3i li\u00ean h\u1ec7 g\u1ecdi ngay cho <mark style=\"background-color:rgba(0, 0, 0, 0)\" class=\"has-inline-color has-vivid-cyan-blue-color\"><strong>KASUNAIR<\/strong> <\/mark>theo s\u1ed1 \u0111i\u1ec7n tho\u1ea1i hotline: <strong>(84.28) 62831 828-29-39<\/strong> ho\u1eb7c <strong>091 3804378<\/strong> t\u1ea5t c\u1ea3 c\u00e1c ng\u00e0y trong tu\u1ea7n tr\u00ean \u0111\u1ec3 \u0111\u01b0\u1ee3c x\u00e1c nh\u1eadn \u0111\u1ed5i h\u00e0ng.<\/p>\n\n\n\n<p><mark style=\"background-color:rgba(0, 0, 0, 0)\" class=\"has-inline-color has-vivid-cyan-blue-color\"><strong>KASUNAIR<\/strong> <\/mark>ch\u1ea5p nh\u1eadn cho kh\u00e1ch h\u00e0ng \u0111\u1ed3ng ki\u1ec3m v\u1edbi nh\u00e2n vi\u00ean giao h\u00e0ng t\u1ea1i th\u1eddi \u0111i\u1ec3m nh\u1eadn h\u00e0ng. Kh\u00f4ng h\u1ed7 tr\u1ee3 th\u1eed h\u00e0ng.<\/p>\n\n\n\n<p>Sau khi nh\u1eadn h\u00e0ng, Qu\u00fd kh\u00e1ch h\u00e0ng ki\u1ec3m tra ngo\u1ea1i quan v\u00e0 ph\u00e1t hi\u1ec7n h\u00e0ng b\u1ecb sai hay b\u1ecb l\u1ed7i nh\u01b0 cong v\u00eanh, m\u00f3p m\u00e9o. Qu\u00fd kh\u00e1ch vui l\u00f2ng quay video v\u00e0 ch\u1ee5p h\u00ecnh l\u1ea1i ngay th\u1eddi \u0111i\u1ec3m ki\u1ec3m tra h\u00e0ng, sau \u0111\u00f3 g\u1eedi cho b\u1ed9 ph\u1eadn ch\u0103m s\u00f3c kh\u00e1ch h\u00e0ng \u0111\u1ec3 \u0111\u01b0\u1ee3c h\u1ed7 tr\u1ee3. Sau khi x\u00e1c \u0111\u1ecbnh l\u00e0 l\u1ed7i do nh\u00e0 s\u1ea3n xu\u1ea5t hay do b\u00ean v\u1eadn chuy\u1ec3n, c\u1ea3 hai b\u00ean s\u1ebd \u0111\u01b0a ra ph\u01b0\u01a1ng \u00e1n gi\u1ea3i quy\u1ebft h\u1ee3p l\u00fd nh\u1ea5t.<\/p>\n\n\n\n<p><strong>L\u01b0u \u00fd:<\/strong> Qu\u00fd kh\u00e1ch quay video l\u00fac m\u1edf th\u00f9ng h\u00e0ng \u0111\u1ec3 \u0111\u1ed1i chi\u1ebfu khi c\u1ea7n thi\u1ebft.<\/p>\n\n\n\n<h3 class=\"wp-block-heading\"><strong>\u0110i\u1ec1u ki\u1ec7n \u0111\u1ed5i h\u00e0ng:<\/strong><\/h3>\n\n\n\n<ul class=\"wp-block-list\">\n<li>S\u1ea3n ph\u1ea9m g\u1eedi l\u1ea1i ph\u1ea3i c\u00f2n nguy\u00ean \u0111ai nguy\u00ean ki\u1ec7n<\/li>\n\n\n\n<li>Phi\u1ebfu b\u1ea3o h\u00e0nh (n\u1ebfu c\u00f3) v\u00e0 tem c\u1ee7a c\u00f4ng ty tr\u00ean s\u1ea3n ph\u1ea9m c\u00f2n nguy\u00ean v\u1eb9n.<\/li>\n\n\n\n<li>S\u1ea3n ph\u1ea9m \u0111\u1ed5i\/ tr\u1ea3 ph\u1ea3i c\u00f2n \u0111\u1ea7y \u0111\u1ee7 h\u1ed9p v\u00e0 ch\u01b0a qua s\u1eed d\u1ee5ng.<\/li>\n\n\n\n<li>Qu\u00fd kh\u00e1ch ch\u1ecbu chi ph\u00ed v\u1eadn chuy\u1ec3n, \u0111\u00f3ng g\u00f3i, thu h\u1ed9 ti\u1ec1n, chi ph\u00ed li\u00ean l\u1ea1c t\u1ed1i \u0111a t\u01b0\u01a1ng \u0111\u01b0\u01a1ng 20% gi\u00e1 tr\u1ecb \u0111\u01a1n h\u00e0ng.<\/li>\n<\/ul>\n\n\n\n<h3 class=\"wp-block-heading\"><strong>Quy tr\u00ecnh \u0111\u1ed5i h\u00e0ng:<\/strong><\/h3>\n\n\n\n<p><strong>B\u01b0\u1edbc 1:<\/strong><\/p>\n\n\n\n<ul class=\"wp-block-list\">\n<li>Sau khi nh\u1eadn \u0111\u01b0\u1ee3c h\u00e0ng. Y\u00eau c\u1ea7u qu\u00fd v\u1ecb ki\u1ec3m tra k\u1ef9 1 l\u1ea7n tr\u01b0\u1edbc khi nh\u1eadn h\u00e0ng. N\u1ebfu c\u00f3 v\u1ea5n \u0111\u1ec1 xin vui l\u00f2ng li\u00ean h\u1ec7 Trung t\u00e2m h\u1ed7 tr\u1ee3 kh\u00e1ch h\u00e0ng t\u1ea1i th\u1eddi \u0111i\u1ec3m nh\u00e2n vi\u00ean giao h\u00e0ng c\u00f2n \u1edf \u0111\u00f3.<\/li>\n\n\n\n<li>Tr\u01b0\u1eddng h\u1ee3p sau khi nh\u00e2n vi\u00ean giao h\u00e0ng \u0111\u00e3 \u0111i v\u1ec1 \u2013 N\u1ebfu mu\u1ed1n \u0111\u1ed5i tr\u1ea3 h\u00e0ng c\u00f3 th\u1ec3 li\u00ean h\u1ec7 v\u1edbi <mark style=\"background-color:rgba(0, 0, 0, 0)\" class=\"has-inline-color has-vivid-cyan-blue-color\"><strong>KASUNAIR<\/strong> <\/mark>\u0111\u1ec3 \u0111\u01b0\u1ee3c x\u1eed l\u00fd v\u00e0 h\u1eb9n l\u1ecbch \u0111\u1ed5i tr\u1ea3 h\u00e0ng.<\/li>\n<\/ul>\n\n\n\n<p><strong>B\u01b0\u1edbc 2<\/strong>: Sau khi Trung t\u00e2m h\u1ed7 tr\u1ee3 kh\u00e1ch h\u00e0ng th\u00f4ng b\u00e1o l\u1ecbch h\u1eb9n nh\u1eadn h\u00e0ng tr\u1ea3.<\/p>","protected":false},"excerpt":{"rendered":"<p>\u0110i\u1ec1u ki\u1ec7n v\u1ec1 th\u1eddi gian \u0111\u1ed5i h\u00e0ng: trong v\u00f2ng 01 ng\u00e0y k\u1ec3 t\u1eeb khi nh\u1eadn \u0111\u01b0\u1ee3c h\u00e0ng v\u00e0 ph\u1ea3i li\u00ean h\u1ec7 g\u1ecdi ngay cho KASUNAIR theo s\u1ed1 \u0111i\u1ec7n tho\u1ea1i hotline: (84.28) 62831 828-29-39 ho\u1eb7c 091 3804378 t\u1ea5t c\u1ea3 c\u00e1c ng\u00e0y trong tu\u1ea7n tr\u00ean \u0111\u1ec3 \u0111\u01b0\u1ee3c x\u00e1c nh\u1eadn \u0111\u1ed5i h\u00e0ng. KASUNAIR ch\u1ea5p nh\u1eadn cho kh\u00e1ch h\u00e0ng [&hellip;]<\/p>","protected":false},"author":1,"featured_media":0,"parent":0,"menu_order":0,"comment_status":"closed","ping_status":"closed","template":"template-parts\/policy.php","meta":{"footnotes":""},"class_list":["post-1617","page","type-page","status-publish","hentry"],"acf":[],"yoast_head":"<!-- This site is optimized with the Yoast SEO plugin v26.7 - https:\/\/yoast.com\/wordpress\/plugins\/seo\/ -->\n<title>Ch\u00ednh s\u00e1ch \u0111\u1ed5i tr\u1ea3 -<\/title>\n<meta name=\"robots\" content=\"index, follow, max-snippet:-1, max-image-preview:large, max-video-preview:-1\" \/>\n<link rel=\"canonical\" href=\"https:\/\/kasunair.com.vn\/zh\/chinh-sach-doi-tra\/\" \/>\n<meta property=\"og:locale\" content=\"zh_TW\" \/>\n<meta property=\"og:type\" content=\"article\" \/>\n<meta property=\"og:title\" content=\"Ch\u00ednh s\u00e1ch \u0111\u1ed5i tr\u1ea3 -\" \/>\n<meta property=\"og:description\" content=\"\u0110i\u1ec1u ki\u1ec7n v\u1ec1 th\u1eddi gian \u0111\u1ed5i h\u00e0ng: trong v\u00f2ng 01 ng\u00e0y k\u1ec3 t\u1eeb khi nh\u1eadn \u0111\u01b0\u1ee3c h\u00e0ng v\u00e0 ph\u1ea3i li\u00ean h\u1ec7 g\u1ecdi ngay cho KASUNAIR theo s\u1ed1 \u0111i\u1ec7n tho\u1ea1i hotline: (84.28) 62831 828-29-39 ho\u1eb7c 091 3804378 t\u1ea5t c\u1ea3 c\u00e1c ng\u00e0y trong tu\u1ea7n tr\u00ean \u0111\u1ec3 \u0111\u01b0\u1ee3c x\u00e1c nh\u1eadn \u0111\u1ed5i h\u00e0ng. KASUNAIR ch\u1ea5p nh\u1eadn cho kh\u00e1ch h\u00e0ng [&hellip;]\" \/>\n<meta property=\"og:url\" content=\"https:\/\/kasunair.com.vn\/zh\/chinh-sach-doi-tra\/\" \/>\n<meta property=\"article:modified_time\" content=\"2024-09-12T10:09:31+00:00\" \/>\n<meta name=\"twitter:card\" content=\"summary_large_image\" \/>\n<meta name=\"twitter:label1\" content=\"\u9810\u4f30\u95b1\u8b80\u6642\u9593\" \/>\n\t<meta name=\"twitter:data1\" content=\"2 \u5206\u9418\" \/>\n<script type=\"application\/ld+json\" class=\"yoast-schema-graph\">{\"@context\":\"https:\/\/schema.org\",\"@graph\":[{\"@type\":\"WebPage\",\"@id\":\"https:\/\/kasunair.com.vn\/chinh-sach-doi-tra\/\",\"url\":\"https:\/\/kasunair.com.vn\/chinh-sach-doi-tra\/\",\"name\":\"Ch\u00ednh s\u00e1ch \u0111\u1ed5i tr\u1ea3 -\",\"isPartOf\":{\"@id\":\"https:\/\/kasunair.com.vn\/#website\"},\"datePublished\":\"2024-09-12T07:08:56+00:00\",\"dateModified\":\"2024-09-12T10:09:31+00:00\",\"breadcrumb\":{\"@id\":\"https:\/\/kasunair.com.vn\/chinh-sach-doi-tra\/#breadcrumb\"},\"inLanguage\":\"zh-TW\",\"potentialAction\":[{\"@type\":\"ReadAction\",\"target\":[\"https:\/\/kasunair.com.vn\/chinh-sach-doi-tra\/\"]}]},{\"@type\":\"BreadcrumbList\",\"@id\":\"https:\/\/kasunair.com.vn\/chinh-sach-doi-tra\/#breadcrumb\",\"itemListElement\":[{\"@type\":\"ListItem\",\"position\":1,\"name\":\"Trang ch\u1ee7\",\"item\":\"https:\/\/kasunair.com.vn\/\"},{\"@type\":\"ListItem\",\"position\":2,\"name\":\"Ch\u00ednh s\u00e1ch \u0111\u1ed5i tr\u1ea3\"}]},{\"@type\":\"WebSite\",\"@id\":\"https:\/\/kasunair.com.vn\/#website\",\"url\":\"https:\/\/kasunair.com.vn\/\",\"name\":\"\",\"description\":\"Industrial HVAC equipment manufacturer\",\"potentialAction\":[{\"@type\":\"SearchAction\",\"target\":{\"@type\":\"EntryPoint\",\"urlTemplate\":\"https:\/\/kasunair.com.vn\/?s={search_term_string}\"},\"query-input\":{\"@type\":\"PropertyValueSpecification\",\"valueRequired\":true,\"valueName\":\"search_term_string\"}}],\"inLanguage\":\"zh-TW\"}]}<\/script>\n<!-- \/ Yoast SEO plugin. -->","yoast_head_json":{"title":"Ch\u00ednh s\u00e1ch \u0111\u1ed5i tr\u1ea3 -","robots":{"index":"index","follow":"follow","max-snippet":"max-snippet:-1","max-image-preview":"max-image-preview:large","max-video-preview":"max-video-preview:-1"},"canonical":"https:\/\/kasunair.com.vn\/zh\/chinh-sach-doi-tra\/","og_locale":"zh_TW","og_type":"article","og_title":"Ch\u00ednh s\u00e1ch \u0111\u1ed5i tr\u1ea3 -","og_description":"\u0110i\u1ec1u ki\u1ec7n v\u1ec1 th\u1eddi gian \u0111\u1ed5i h\u00e0ng: trong v\u00f2ng 01 ng\u00e0y k\u1ec3 t\u1eeb khi nh\u1eadn \u0111\u01b0\u1ee3c h\u00e0ng v\u00e0 ph\u1ea3i li\u00ean h\u1ec7 g\u1ecdi ngay cho KASUNAIR theo s\u1ed1 \u0111i\u1ec7n tho\u1ea1i hotline: (84.28) 62831 828-29-39 ho\u1eb7c 091 3804378 t\u1ea5t c\u1ea3 c\u00e1c ng\u00e0y trong tu\u1ea7n tr\u00ean \u0111\u1ec3 \u0111\u01b0\u1ee3c x\u00e1c nh\u1eadn \u0111\u1ed5i h\u00e0ng. KASUNAIR ch\u1ea5p nh\u1eadn cho kh\u00e1ch h\u00e0ng [&hellip;]","og_url":"https:\/\/kasunair.com.vn\/zh\/chinh-sach-doi-tra\/","article_modified_time":"2024-09-12T10:09:31+00:00","twitter_card":"summary_large_image","twitter_misc":{"\u9810\u4f30\u95b1\u8b80\u6642\u9593":"2 \u5206\u9418"},"schema":{"@context":"https:\/\/schema.org","@graph":[{"@type":"WebPage","@id":"https:\/\/kasunair.com.vn\/chinh-sach-doi-tra\/","url":"https:\/\/kasunair.com.vn\/chinh-sach-doi-tra\/","name":"Ch\u00ednh s\u00e1ch \u0111\u1ed5i tr\u1ea3 -","isPartOf":{"@id":"https:\/\/kasunair.com.vn\/#website"},"datePublished":"2024-09-12T07:08:56+00:00","dateModified":"2024-09-12T10:09:31+00:00","breadcrumb":{"@id":"https:\/\/kasunair.com.vn\/chinh-sach-doi-tra\/#breadcrumb"},"inLanguage":"zh-TW","potentialAction":[{"@type":"ReadAction","target":["https:\/\/kasunair.com.vn\/chinh-sach-doi-tra\/"]}]},{"@type":"BreadcrumbList","@id":"https:\/\/kasunair.com.vn\/chinh-sach-doi-tra\/#breadcrumb","itemListElement":[{"@type":"ListItem","position":1,"name":"Trang ch\u1ee7","item":"https:\/\/kasunair.com.vn\/"},{"@type":"ListItem","position":2,"name":"Ch\u00ednh s\u00e1ch \u0111\u1ed5i tr\u1ea3"}]},{"@type":"WebSite","@id":"https:\/\/kasunair.com.vn\/#website","url":"https:\/\/kasunair.com.vn\/","name":"","description":"Industrial HVAC equipment manufacturer","potentialAction":[{"@type":"SearchAction","target":{"@type":"EntryPoint","urlTemplate":"https:\/\/kasunair.com.vn\/?s={search_term_string}"},"query-input":{"@type":"PropertyValueSpecification","valueRequired":true,"valueName":"search_term_string"}}],"inLanguage":"zh-TW"}]}},"_links":{"self":[{"href":"https:\/\/kasunair.com.vn\/zh\/wp-json\/wp\/v2\/pages\/1617","targetHints":{"allow":["GET"]}}],"collection":[{"href":"https:\/\/kasunair.com.vn\/zh\/wp-json\/wp\/v2\/pages"}],"about":[{"href":"https:\/\/kasunair.com.vn\/zh\/wp-json\/wp\/v2\/types\/page"}],"author":[{"embeddable":true,"href":"https:\/\/kasunair.com.vn\/zh\/wp-json\/wp\/v2\/users\/1"}],"replies":[{"embeddable":true,"href":"https:\/\/kasunair.com.vn\/zh\/wp-json\/wp\/v2\/comments?post=1617"}],"version-history":[{"count":5,"href":"https:\/\/kasunair.com.vn\/zh\/wp-json\/wp\/v2\/pages\/1617\/revisions"}],"predecessor-version":[{"id":1643,"href":"https:\/\/kasunair.com.vn\/zh\/wp-json\/wp\/v2\/pages\/1617\/revisions\/1643"}],"wp:attachment":[{"href":"https:\/\/kasunair.com.vn\/zh\/wp-json\/wp\/v2\/media?parent=1617"}],"curies":[{"name":"wp","href":"https:\/\/api.w.org\/{rel}","templated":true}]}}