{"id":1614,"date":"2024-09-12T14:04:33","date_gmt":"2024-09-12T07:04:33","guid":{"rendered":"https:\/\/kasunair.com.vn\/?page_id=1614"},"modified":"2024-09-12T16:18:08","modified_gmt":"2024-09-12T09:18:08","slug":"chinh-sach-giao-hang","status":"publish","type":"page","link":"https:\/\/kasunair.com.vn\/zh\/chinh-sach-giao-hang\/","title":{"rendered":"\u914d\u9001\u653f\u7b56"},"content":{"rendered":"<p>Th\u00f4ng th\u01b0\u1eddng sau khi nh\u1eadn \u0111\u01b0\u1ee3c th\u00f4ng tin \u0111\u1eb7t h\u00e0ng <mark style=\"background-color:rgba(0, 0, 0, 0)\" class=\"has-inline-color has-vivid-cyan-blue-color\"><strong>KASUNAIR<\/strong> <\/mark>s\u1ebd x\u1eed l\u00fd \u0111\u01a1n h\u00e0ng trong v\u00f2ng 24h v\u00e0 ph\u1ea3n h\u1ed3i l\u1ea1i th\u00f4ng tin l\u1ea1i cho kh\u00e1ch h\u00e0ng v\u1ec1 vi\u1ec7c thanh to\u00e1n v\u00e0 giao nh\u1eadn. Th\u1eddi gian giao h\u00e0ng th\u01b0\u1eddng trong kho\u1ea3ng t\u1eeb 3-5 ng\u00e0y k\u1ec3 t\u1eeb ng\u00e0y ch\u1ed1t \u0111\u01a1n h\u00e0ng ho\u1eb7c theo th\u1ecfa thu\u1eadn v\u1edbi kh\u00e1ch khi \u0111\u1eb7t h\u00e0ng.<\/p>\n\n\n\n<p>Tuy nhi\u00ean, c\u0169ng c\u00f3 tr\u01b0\u1eddng h\u1ee3p vi\u1ec7c giao h\u00e0ng k\u00e9o d\u00e0i h\u01a1n nh\u01b0ng ch\u1ec9 x\u1ea3y ra trong nh\u1eefng t\u00ecnh hu\u1ed1ng b\u1ea5t kh\u1ea3 kh\u00e1ng nh\u01b0 sau:<\/p>\n\n\n\n<ul class=\"wp-block-list\">\n<li>Nh\u00e2n vi\u00ean ch\u00fang t\u00f4i li\u00ean l\u1ea1c v\u1edbi kh\u00e1ch h\u00e0ng qua \u0111i\u1ec7n tho\u1ea1i kh\u00f4ng \u0111\u01b0\u1ee3c n\u00ean kh\u00f4ng th\u1ec3 giao h\u00e0ng.<\/li>\n\n\n\n<li>\u0110\u1ecba ch\u1ec9 giao h\u00e0ng b\u1ea1n cung c\u1ea5p kh\u00f4ng ch\u00ednh x\u00e1c ho\u1eb7c kh\u00f3 t\u00ecm.<\/li>\n\n\n\n<li>S\u1ed1 l\u01b0\u1ee3ng \u0111\u01a1n h\u00e0ng t\u0103ng \u0111\u1ed9t bi\u1ebfn khi\u1ebfn vi\u1ec7c x\u1eed l\u00fd \u0111\u01a1n h\u00e0ng b\u1ecb ch\u1eadm.<\/li>\n<\/ul>\n\n\n\n<p>V\u1ec1 ph\u00ed v\u1eadn chuy\u1ec3n, ch\u00fang t\u00f4i s\u1eed d\u1ee5ng d\u1ecbch v\u1ee5 v\u1eadn chuy\u1ec3n ngo\u00e0i n\u00ean c\u01b0\u1edbc ph\u00ed v\u1eadn chuy\u1ec3n s\u1ebd \u0111\u01b0\u1ee3c t\u00ednh theo ph\u00ed c\u1ee7a c\u00e1c \u0111\u01a1n v\u1ecb v\u1eadn chuy\u1ec3n t\u00f9y v\u00e0o v\u1ecb tr\u00ed v\u00e0 kh\u1ed1i l\u01b0\u1ee3ng c\u1ee7a \u0111\u01a1n h\u00e0ng, khi li\u00ean h\u1ec7 l\u1ea1i x\u00e1c nh\u1eadn \u0111\u01a1n h\u00e0ng v\u1edbi kh\u00e1ch s\u1ebd b\u00e1o m\u1ee9c ph\u00ed c\u1ee5 th\u1ec3 cho kh\u00e1ch h\u00e0ng.<\/p>\n\n\n\n<p>Ri\u00eang kh\u00e1ch t\u1ec9nh c\u00f3 nhu c\u1ea7u mua s\u1ed1 l\u01b0\u1ee3ng l\u1edbn ho\u1eb7c OEM n\u1ebfu c\u00f3 nhu c\u1ea7u mua s\u1ea3n ph\u1ea9m, ch\u00fang t\u00f4i s\u1ebd nh\u1edd d\u1ecbch v\u1ee5 giao nh\u1eadn c\u1ee7a c\u00e1c c\u00f4ng ty v\u1eadn chuy\u1ec3n v\u00e0 ph\u00ed s\u1ebd \u0111\u01b0\u1ee3c t\u00ednh theo ph\u00ed c\u1ee7a c\u00e1c \u0111\u01a1n v\u1ecb cung c\u1ea5p d\u1ecbch v\u1ee5 v\u1eadn chuy\u1ec3n ho\u1eb7c theo th\u1ecfa thu\u1eadn h\u1ee3p \u0111\u1ed3ng gi\u1eefa 2 b\u00ean.<\/p>","protected":false},"excerpt":{"rendered":"<p>Th\u00f4ng th\u01b0\u1eddng sau khi nh\u1eadn \u0111\u01b0\u1ee3c th\u00f4ng tin \u0111\u1eb7t h\u00e0ng KASUNAIR s\u1ebd x\u1eed l\u00fd \u0111\u01a1n h\u00e0ng trong v\u00f2ng 24h v\u00e0 ph\u1ea3n h\u1ed3i l\u1ea1i th\u00f4ng tin l\u1ea1i cho kh\u00e1ch h\u00e0ng v\u1ec1 vi\u1ec7c thanh to\u00e1n v\u00e0 giao nh\u1eadn. Th\u1eddi gian giao h\u00e0ng th\u01b0\u1eddng trong kho\u1ea3ng t\u1eeb 3-5 ng\u00e0y k\u1ec3 t\u1eeb ng\u00e0y ch\u1ed1t \u0111\u01a1n h\u00e0ng ho\u1eb7c theo th\u1ecfa [&hellip;]<\/p>","protected":false},"author":1,"featured_media":0,"parent":0,"menu_order":0,"comment_status":"closed","ping_status":"closed","template":"template-parts\/policy.php","meta":{"footnotes":""},"class_list":["post-1614","page","type-page","status-publish","hentry"],"acf":[],"yoast_head":"<!-- This site is optimized with the Yoast SEO plugin v26.7 - https:\/\/yoast.com\/wordpress\/plugins\/seo\/ -->\n<title>Ch\u00ednh s\u00e1ch giao h\u00e0ng -<\/title>\n<meta name=\"robots\" content=\"index, follow, max-snippet:-1, max-image-preview:large, max-video-preview:-1\" \/>\n<link rel=\"canonical\" href=\"https:\/\/kasunair.com.vn\/zh\/chinh-sach-giao-hang\/\" \/>\n<meta property=\"og:locale\" content=\"zh_TW\" \/>\n<meta property=\"og:type\" content=\"article\" \/>\n<meta property=\"og:title\" content=\"Ch\u00ednh s\u00e1ch giao h\u00e0ng -\" \/>\n<meta property=\"og:description\" content=\"Th\u00f4ng th\u01b0\u1eddng sau khi nh\u1eadn \u0111\u01b0\u1ee3c th\u00f4ng tin \u0111\u1eb7t h\u00e0ng KASUNAIR s\u1ebd x\u1eed l\u00fd \u0111\u01a1n h\u00e0ng trong v\u00f2ng 24h v\u00e0 ph\u1ea3n h\u1ed3i l\u1ea1i th\u00f4ng tin l\u1ea1i cho kh\u00e1ch h\u00e0ng v\u1ec1 vi\u1ec7c thanh to\u00e1n v\u00e0 giao nh\u1eadn. Th\u1eddi gian giao h\u00e0ng th\u01b0\u1eddng trong kho\u1ea3ng t\u1eeb 3-5 ng\u00e0y k\u1ec3 t\u1eeb ng\u00e0y ch\u1ed1t \u0111\u01a1n h\u00e0ng ho\u1eb7c theo th\u1ecfa [&hellip;]\" \/>\n<meta property=\"og:url\" content=\"https:\/\/kasunair.com.vn\/zh\/chinh-sach-giao-hang\/\" \/>\n<meta property=\"article:modified_time\" content=\"2024-09-12T09:18:08+00:00\" \/>\n<meta name=\"twitter:card\" content=\"summary_large_image\" \/>\n<meta name=\"twitter:label1\" content=\"\u9810\u4f30\u95b1\u8b80\u6642\u9593\" \/>\n\t<meta name=\"twitter:data1\" content=\"2 \u5206\u9418\" \/>\n<script type=\"application\/ld+json\" class=\"yoast-schema-graph\">{\"@context\":\"https:\/\/schema.org\",\"@graph\":[{\"@type\":\"WebPage\",\"@id\":\"https:\/\/kasunair.com.vn\/chinh-sach-giao-hang\/\",\"url\":\"https:\/\/kasunair.com.vn\/chinh-sach-giao-hang\/\",\"name\":\"Ch\u00ednh s\u00e1ch giao h\u00e0ng -\",\"isPartOf\":{\"@id\":\"https:\/\/kasunair.com.vn\/#website\"},\"datePublished\":\"2024-09-12T07:04:33+00:00\",\"dateModified\":\"2024-09-12T09:18:08+00:00\",\"breadcrumb\":{\"@id\":\"https:\/\/kasunair.com.vn\/chinh-sach-giao-hang\/#breadcrumb\"},\"inLanguage\":\"zh-TW\",\"potentialAction\":[{\"@type\":\"ReadAction\",\"target\":[\"https:\/\/kasunair.com.vn\/chinh-sach-giao-hang\/\"]}]},{\"@type\":\"BreadcrumbList\",\"@id\":\"https:\/\/kasunair.com.vn\/chinh-sach-giao-hang\/#breadcrumb\",\"itemListElement\":[{\"@type\":\"ListItem\",\"position\":1,\"name\":\"Trang ch\u1ee7\",\"item\":\"https:\/\/kasunair.com.vn\/\"},{\"@type\":\"ListItem\",\"position\":2,\"name\":\"Ch\u00ednh s\u00e1ch giao h\u00e0ng\"}]},{\"@type\":\"WebSite\",\"@id\":\"https:\/\/kasunair.com.vn\/#website\",\"url\":\"https:\/\/kasunair.com.vn\/\",\"name\":\"\",\"description\":\"Industrial HVAC equipment manufacturer\",\"potentialAction\":[{\"@type\":\"SearchAction\",\"target\":{\"@type\":\"EntryPoint\",\"urlTemplate\":\"https:\/\/kasunair.com.vn\/?s={search_term_string}\"},\"query-input\":{\"@type\":\"PropertyValueSpecification\",\"valueRequired\":true,\"valueName\":\"search_term_string\"}}],\"inLanguage\":\"zh-TW\"}]}<\/script>\n<!-- \/ Yoast SEO plugin. -->","yoast_head_json":{"title":"Ch\u00ednh s\u00e1ch giao h\u00e0ng -","robots":{"index":"index","follow":"follow","max-snippet":"max-snippet:-1","max-image-preview":"max-image-preview:large","max-video-preview":"max-video-preview:-1"},"canonical":"https:\/\/kasunair.com.vn\/zh\/chinh-sach-giao-hang\/","og_locale":"zh_TW","og_type":"article","og_title":"Ch\u00ednh s\u00e1ch giao h\u00e0ng -","og_description":"Th\u00f4ng th\u01b0\u1eddng sau khi nh\u1eadn \u0111\u01b0\u1ee3c th\u00f4ng tin \u0111\u1eb7t h\u00e0ng KASUNAIR s\u1ebd x\u1eed l\u00fd \u0111\u01a1n h\u00e0ng trong v\u00f2ng 24h v\u00e0 ph\u1ea3n h\u1ed3i l\u1ea1i th\u00f4ng tin l\u1ea1i cho kh\u00e1ch h\u00e0ng v\u1ec1 vi\u1ec7c thanh to\u00e1n v\u00e0 giao nh\u1eadn. Th\u1eddi gian giao h\u00e0ng th\u01b0\u1eddng trong kho\u1ea3ng t\u1eeb 3-5 ng\u00e0y k\u1ec3 t\u1eeb ng\u00e0y ch\u1ed1t \u0111\u01a1n h\u00e0ng ho\u1eb7c theo th\u1ecfa [&hellip;]","og_url":"https:\/\/kasunair.com.vn\/zh\/chinh-sach-giao-hang\/","article_modified_time":"2024-09-12T09:18:08+00:00","twitter_card":"summary_large_image","twitter_misc":{"\u9810\u4f30\u95b1\u8b80\u6642\u9593":"2 \u5206\u9418"},"schema":{"@context":"https:\/\/schema.org","@graph":[{"@type":"WebPage","@id":"https:\/\/kasunair.com.vn\/chinh-sach-giao-hang\/","url":"https:\/\/kasunair.com.vn\/chinh-sach-giao-hang\/","name":"Ch\u00ednh s\u00e1ch giao h\u00e0ng -","isPartOf":{"@id":"https:\/\/kasunair.com.vn\/#website"},"datePublished":"2024-09-12T07:04:33+00:00","dateModified":"2024-09-12T09:18:08+00:00","breadcrumb":{"@id":"https:\/\/kasunair.com.vn\/chinh-sach-giao-hang\/#breadcrumb"},"inLanguage":"zh-TW","potentialAction":[{"@type":"ReadAction","target":["https:\/\/kasunair.com.vn\/chinh-sach-giao-hang\/"]}]},{"@type":"BreadcrumbList","@id":"https:\/\/kasunair.com.vn\/chinh-sach-giao-hang\/#breadcrumb","itemListElement":[{"@type":"ListItem","position":1,"name":"Trang ch\u1ee7","item":"https:\/\/kasunair.com.vn\/"},{"@type":"ListItem","position":2,"name":"Ch\u00ednh s\u00e1ch giao h\u00e0ng"}]},{"@type":"WebSite","@id":"https:\/\/kasunair.com.vn\/#website","url":"https:\/\/kasunair.com.vn\/","name":"","description":"Industrial HVAC equipment manufacturer","potentialAction":[{"@type":"SearchAction","target":{"@type":"EntryPoint","urlTemplate":"https:\/\/kasunair.com.vn\/?s={search_term_string}"},"query-input":{"@type":"PropertyValueSpecification","valueRequired":true,"valueName":"search_term_string"}}],"inLanguage":"zh-TW"}]}},"_links":{"self":[{"href":"https:\/\/kasunair.com.vn\/zh\/wp-json\/wp\/v2\/pages\/1614","targetHints":{"allow":["GET"]}}],"collection":[{"href":"https:\/\/kasunair.com.vn\/zh\/wp-json\/wp\/v2\/pages"}],"about":[{"href":"https:\/\/kasunair.com.vn\/zh\/wp-json\/wp\/v2\/types\/page"}],"author":[{"embeddable":true,"href":"https:\/\/kasunair.com.vn\/zh\/wp-json\/wp\/v2\/users\/1"}],"replies":[{"embeddable":true,"href":"https:\/\/kasunair.com.vn\/zh\/wp-json\/wp\/v2\/comments?post=1614"}],"version-history":[{"count":2,"href":"https:\/\/kasunair.com.vn\/zh\/wp-json\/wp\/v2\/pages\/1614\/revisions"}],"predecessor-version":[{"id":1629,"href":"https:\/\/kasunair.com.vn\/zh\/wp-json\/wp\/v2\/pages\/1614\/revisions\/1629"}],"wp:attachment":[{"href":"https:\/\/kasunair.com.vn\/zh\/wp-json\/wp\/v2\/media?parent=1614"}],"curies":[{"name":"wp","href":"https:\/\/api.w.org\/{rel}","templated":true}]}}