{"id":8,"date":"2023-08-15T14:12:29","date_gmt":"2023-08-15T07:12:29","guid":{"rendered":"https:\/\/kasunair.com.vn\/?page_id=8"},"modified":"2026-04-27T11:13:43","modified_gmt":"2026-04-27T04:13:43","slug":"trang-chu-ve-kasunair","status":"publish","type":"page","link":"https:\/\/kasunair.com.vn\/en\/","title":{"rendered":"Home"},"content":{"rendered":"<p><gwmw style=\"display:none;\"><\/gwmw><\/p>\n\n\n\n<p><gwmw style=\"display:none;\"><\/gwmw><\/p>","protected":false},"excerpt":{"rendered":"","protected":false},"author":1,"featured_media":1973,"parent":0,"menu_order":0,"comment_status":"closed","ping_status":"closed","template":"index.php","meta":{"footnotes":""},"class_list":["post-8","page","type-page","status-publish","has-post-thumbnail","hentry"],"acf":[],"yoast_head":"<!-- This site is optimized with the Yoast SEO plugin v26.7 - https:\/\/yoast.com\/wordpress\/plugins\/seo\/ -->\n<title>Trang ch\u1ee7 - KASUNAIR - C\u00f4ng ngh\u1ec7 \u0111\u1ed5i m\u1edbi - D\u1ecbch v\u1ee5 t\u1ed1i \u01b0u<\/title>\n<meta name=\"description\" content=\"KASUNAIR l\u00e0 doanh nghi\u1ec7p li\u00ean doanh Vi\u1ec7t Nam - \u0110\u00e0i Loan, chuy\u00ean s\u1ea3n xu\u1ea5t, thi\u1ebft k\u1ebf gia c\u00f4ng, OEM c\u00e1c b\u1ed9 ph\u1eadn, thi\u1ebft b\u1ecb \u0111i\u1ec7n l\u1ea1nh c\u00f4ng nghi\u1ec7p.\" \/>\n<meta name=\"robots\" content=\"index, follow, max-snippet:-1, max-image-preview:large, max-video-preview:-1\" \/>\n<link rel=\"canonical\" href=\"https:\/\/kasunair.com.vn\/en\/TRANG-CHU-hvac-chuyen-nghiep\/\" \/>\n<meta property=\"og:locale\" content=\"en_US\" \/>\n<meta property=\"og:type\" content=\"article\" \/>\n<meta property=\"og:title\" content=\"KASUNAIR - Gi\u1ea3i ph\u00e1p \u0111i\u1ec1u h\u00f2a kh\u00f4ng kh\u00ed c\u00f4ng nghi\u1ec7p\" \/>\n<meta property=\"og:description\" content=\"KASUNAIR l\u00e0 doanh nghi\u1ec7p li\u00ean doanh Vi\u1ec7t Nam - \u0110\u00e0i Loan, chuy\u00ean s\u1ea3n xu\u1ea5t, thi\u1ebft k\u1ebf gia c\u00f4ng, OEM c\u00e1c b\u1ed9 ph\u1eadn, thi\u1ebft b\u1ecb \u0111i\u1ec7n l\u1ea1nh c\u00f4ng nghi\u1ec7p.\" \/>\n<meta property=\"og:url\" content=\"https:\/\/kasunair.com.vn\/en\/TRANG-CHU-hvac-chuyen-nghiep\/\" \/>\n<meta property=\"article:modified_time\" content=\"2026-04-27T04:13:43+00:00\" \/>\n<meta property=\"og:image\" content=\"https:\/\/kasunair.com.vn\/wp-content\/uploads\/2025\/04\/15.png\" \/>\n\t<meta property=\"og:image:width\" content=\"1878\" \/>\n\t<meta property=\"og:image:height\" content=\"1056\" \/>\n\t<meta property=\"og:image:type\" content=\"image\/png\" \/>\n<meta name=\"twitter:card\" content=\"summary_large_image\" \/>\n<meta name=\"twitter:label1\" content=\"Est. reading time\" \/>\n\t<meta name=\"twitter:data1\" content=\"1 minute\" \/>\n<script type=\"application\/ld+json\" class=\"yoast-schema-graph\">{\"@context\":\"https:\/\/schema.org\",\"@graph\":[{\"@type\":[\"WebPage\",\"AboutPage\"],\"@id\":\"https:\/\/kasunair.com.vn\/\",\"url\":\"https:\/\/kasunair.com.vn\/TRANG-CHU-hvac-chuyen-nghiep\/\",\"name\":\"Trang ch\u1ee7 - KASUNAIR - C\u00f4ng ngh\u1ec7 \u0111\u1ed5i m\u1edbi - D\u1ecbch v\u1ee5 t\u1ed1i \u01b0u\",\"isPartOf\":{\"@id\":\"https:\/\/kasunair.com.vn\/#website\"},\"primaryImageOfPage\":{\"@id\":\"https:\/\/kasunair.com.vn\/TRANG-CHU-hvac-chuyen-nghiep\/#primaryimage\"},\"image\":{\"@id\":\"https:\/\/kasunair.com.vn\/TRANG-CHU-hvac-chuyen-nghiep\/#primaryimage\"},\"thumbnailUrl\":\"https:\/\/kasunair.com.vn\/wp-content\/uploads\/2025\/04\/13.png\",\"datePublished\":\"2023-08-15T07:12:29+00:00\",\"dateModified\":\"2026-04-27T04:13:43+00:00\",\"description\":\"KASUNAIR l\u00e0 doanh nghi\u1ec7p li\u00ean doanh Vi\u1ec7t Nam - \u0110\u00e0i Loan, chuy\u00ean s\u1ea3n xu\u1ea5t, thi\u1ebft k\u1ebf gia c\u00f4ng, OEM c\u00e1c b\u1ed9 ph\u1eadn, thi\u1ebft b\u1ecb \u0111i\u1ec7n l\u1ea1nh c\u00f4ng nghi\u1ec7p.\",\"breadcrumb\":{\"@id\":\"https:\/\/kasunair.com.vn\/TRANG-CHU-hvac-chuyen-nghiep\/#breadcrumb\"},\"inLanguage\":\"en-US\",\"potentialAction\":[{\"@type\":\"ReadAction\",\"target\":[\"https:\/\/kasunair.com.vn\/TRANG-CHU-hvac-chuyen-nghiep\/\"]}]},{\"@type\":\"ImageObject\",\"inLanguage\":\"en-US\",\"@id\":\"https:\/\/kasunair.com.vn\/TRANG-CHU-hvac-chuyen-nghiep\/#primaryimage\",\"url\":\"https:\/\/kasunair.com.vn\/wp-content\/uploads\/2025\/04\/13.png\",\"contentUrl\":\"https:\/\/kasunair.com.vn\/wp-content\/uploads\/2025\/04\/13.png\",\"width\":1878,\"height\":1056},{\"@type\":\"BreadcrumbList\",\"@id\":\"https:\/\/kasunair.com.vn\/TRANG-CHU-hvac-chuyen-nghiep\/#breadcrumb\",\"itemListElement\":[{\"@type\":\"ListItem\",\"position\":1,\"name\":\"Trang ch\u1ee7\",\"item\":\"https:\/\/kasunair.com.vn\/\"},{\"@type\":\"ListItem\",\"position\":2,\"name\":\"TRANG CH\u1ee6\"}]},{\"@type\":\"WebSite\",\"@id\":\"https:\/\/kasunair.com.vn\/#website\",\"url\":\"https:\/\/kasunair.com.vn\/\",\"name\":\"\",\"description\":\"Industrial HVAC equipment manufacturer\",\"potentialAction\":[{\"@type\":\"SearchAction\",\"target\":{\"@type\":\"EntryPoint\",\"urlTemplate\":\"https:\/\/kasunair.com.vn\/?s={search_term_string}\"},\"query-input\":{\"@type\":\"PropertyValueSpecification\",\"valueRequired\":true,\"valueName\":\"search_term_string\"}}],\"inLanguage\":\"en-US\"}]}<\/script>\n<!-- \/ Yoast SEO plugin. -->","yoast_head_json":{"title":"Trang ch\u1ee7 - KASUNAIR - C\u00f4ng ngh\u1ec7 \u0111\u1ed5i m\u1edbi - D\u1ecbch v\u1ee5 t\u1ed1i \u01b0u","description":"KASUNAIR l\u00e0 doanh nghi\u1ec7p li\u00ean doanh Vi\u1ec7t Nam - \u0110\u00e0i Loan, chuy\u00ean s\u1ea3n xu\u1ea5t, thi\u1ebft k\u1ebf gia c\u00f4ng, OEM c\u00e1c b\u1ed9 ph\u1eadn, thi\u1ebft b\u1ecb \u0111i\u1ec7n l\u1ea1nh c\u00f4ng nghi\u1ec7p.","robots":{"index":"index","follow":"follow","max-snippet":"max-snippet:-1","max-image-preview":"max-image-preview:large","max-video-preview":"max-video-preview:-1"},"canonical":"https:\/\/kasunair.com.vn\/en\/TRANG-CHU-hvac-chuyen-nghiep\/","og_locale":"en_US","og_type":"article","og_title":"KASUNAIR - Gi\u1ea3i ph\u00e1p \u0111i\u1ec1u h\u00f2a kh\u00f4ng kh\u00ed c\u00f4ng nghi\u1ec7p","og_description":"KASUNAIR l\u00e0 doanh nghi\u1ec7p li\u00ean doanh Vi\u1ec7t Nam - \u0110\u00e0i Loan, chuy\u00ean s\u1ea3n xu\u1ea5t, thi\u1ebft k\u1ebf gia c\u00f4ng, OEM c\u00e1c b\u1ed9 ph\u1eadn, thi\u1ebft b\u1ecb \u0111i\u1ec7n l\u1ea1nh c\u00f4ng nghi\u1ec7p.","og_url":"https:\/\/kasunair.com.vn\/en\/TRANG-CHU-hvac-chuyen-nghiep\/","article_modified_time":"2026-04-27T04:13:43+00:00","og_image":[{"url":"https:\/\/kasunair.com.vn\/wp-content\/uploads\/2025\/04\/15.png","width":1878,"height":1056,"type":"image\/png"}],"twitter_card":"summary_large_image","twitter_misc":{"Est. reading time":"1 minute"},"schema":{"@context":"https:\/\/schema.org","@graph":[{"@type":["WebPage","AboutPage"],"@id":"https:\/\/kasunair.com.vn\/","url":"https:\/\/kasunair.com.vn\/TRANG-CHU-hvac-chuyen-nghiep\/","name":"Trang ch\u1ee7 - KASUNAIR - C\u00f4ng ngh\u1ec7 \u0111\u1ed5i m\u1edbi - D\u1ecbch v\u1ee5 t\u1ed1i \u01b0u","isPartOf":{"@id":"https:\/\/kasunair.com.vn\/#website"},"primaryImageOfPage":{"@id":"https:\/\/kasunair.com.vn\/TRANG-CHU-hvac-chuyen-nghiep\/#primaryimage"},"image":{"@id":"https:\/\/kasunair.com.vn\/TRANG-CHU-hvac-chuyen-nghiep\/#primaryimage"},"thumbnailUrl":"https:\/\/kasunair.com.vn\/wp-content\/uploads\/2025\/04\/13.png","datePublished":"2023-08-15T07:12:29+00:00","dateModified":"2026-04-27T04:13:43+00:00","description":"KASUNAIR l\u00e0 doanh nghi\u1ec7p li\u00ean doanh Vi\u1ec7t Nam - \u0110\u00e0i Loan, chuy\u00ean s\u1ea3n xu\u1ea5t, thi\u1ebft k\u1ebf gia c\u00f4ng, OEM c\u00e1c b\u1ed9 ph\u1eadn, thi\u1ebft b\u1ecb \u0111i\u1ec7n l\u1ea1nh c\u00f4ng nghi\u1ec7p.","breadcrumb":{"@id":"https:\/\/kasunair.com.vn\/TRANG-CHU-hvac-chuyen-nghiep\/#breadcrumb"},"inLanguage":"en-US","potentialAction":[{"@type":"ReadAction","target":["https:\/\/kasunair.com.vn\/TRANG-CHU-hvac-chuyen-nghiep\/"]}]},{"@type":"ImageObject","inLanguage":"en-US","@id":"https:\/\/kasunair.com.vn\/TRANG-CHU-hvac-chuyen-nghiep\/#primaryimage","url":"https:\/\/kasunair.com.vn\/wp-content\/uploads\/2025\/04\/13.png","contentUrl":"https:\/\/kasunair.com.vn\/wp-content\/uploads\/2025\/04\/13.png","width":1878,"height":1056},{"@type":"BreadcrumbList","@id":"https:\/\/kasunair.com.vn\/TRANG-CHU-hvac-chuyen-nghiep\/#breadcrumb","itemListElement":[{"@type":"ListItem","position":1,"name":"Trang ch\u1ee7","item":"https:\/\/kasunair.com.vn\/"},{"@type":"ListItem","position":2,"name":"TRANG CH\u1ee6"}]},{"@type":"WebSite","@id":"https:\/\/kasunair.com.vn\/#website","url":"https:\/\/kasunair.com.vn\/","name":"","description":"Industrial HVAC equipment manufacturer","potentialAction":[{"@type":"SearchAction","target":{"@type":"EntryPoint","urlTemplate":"https:\/\/kasunair.com.vn\/?s={search_term_string}"},"query-input":{"@type":"PropertyValueSpecification","valueRequired":true,"valueName":"search_term_string"}}],"inLanguage":"en-US"}]}},"_links":{"self":[{"href":"https:\/\/kasunair.com.vn\/en\/wp-json\/wp\/v2\/pages\/8","targetHints":{"allow":["GET"]}}],"collection":[{"href":"https:\/\/kasunair.com.vn\/en\/wp-json\/wp\/v2\/pages"}],"about":[{"href":"https:\/\/kasunair.com.vn\/en\/wp-json\/wp\/v2\/types\/page"}],"author":[{"embeddable":true,"href":"https:\/\/kasunair.com.vn\/en\/wp-json\/wp\/v2\/users\/1"}],"replies":[{"embeddable":true,"href":"https:\/\/kasunair.com.vn\/en\/wp-json\/wp\/v2\/comments?post=8"}],"version-history":[{"count":166,"href":"https:\/\/kasunair.com.vn\/en\/wp-json\/wp\/v2\/pages\/8\/revisions"}],"predecessor-version":[{"id":2434,"href":"https:\/\/kasunair.com.vn\/en\/wp-json\/wp\/v2\/pages\/8\/revisions\/2434"}],"wp:featuredmedia":[{"embeddable":true,"href":"https:\/\/kasunair.com.vn\/en\/wp-json\/wp\/v2\/media\/1973"}],"wp:attachment":[{"href":"https:\/\/kasunair.com.vn\/en\/wp-json\/wp\/v2\/media?parent=8"}],"curies":[{"name":"wp","href":"https:\/\/api.w.org\/{rel}","templated":true}]}}