{"id":1614,"date":"2024-09-12T14:04:33","date_gmt":"2024-09-12T07:04:33","guid":{"rendered":"https:\/\/kasunair.com.vn\/?page_id=1614"},"modified":"2024-09-12T16:18:08","modified_gmt":"2024-09-12T09:18:08","slug":"chinh-sach-giao-hang","status":"publish","type":"page","link":"https:\/\/kasunair.com.vn\/en\/chinh-sach-giao-hang\/","title":{"rendered":"Delivery Policy"},"content":{"rendered":"<p>Normally after receiving order information <mark style=\"background-color:rgba(0, 0, 0, 0)\" class=\"has-inline-color has-vivid-cyan-blue-color\"><strong>of KASUNAIR<\/strong> <\/mark>will process the order within 24 hours and respond to the customer about payment and delivery. Delivery time is usually between 3-5 days from the date of order confirmation or as agreed with the customer when ordering.<\/p>\n\n\n\n<p>However, there are cases where delivery takes longer but only occurs in force majeure situations such as the following:<\/p>\n\n\n\n<ul class=\"wp-block-list\">\n<li>Our staff could not contact the customer by phone so we could not deliver the goods.<\/li>\n\n\n\n<li>The shipping address you provided is incorrect or difficult to find.<\/li>\n\n\n\n<li>The sudden increase in orders has slowed down order processing.<\/li>\n<\/ul>\n\n\n\n<p>Regarding shipping fees, we use outsourcing shipping services so shipping fees will be calculated that depend on the location and the weight of the order according to the fees of that shipping department . When contacting to confirm the order with the customer, we will notify the specific fee to the customer.<\/p>\n\n\n\n<p>For provincial customers who need to buy in large quantities or OEM if they need to buy products, we will use the delivery service of shipping companies and the fee will be calculated according to the fee of the shipping service providers or according to the contract agreement between the two parties.<\/p>","protected":false},"excerpt":{"rendered":"<p>Th\u00f4ng th\u01b0\u1eddng sau khi nh\u1eadn \u0111\u01b0\u1ee3c th\u00f4ng tin \u0111\u1eb7t h\u00e0ng KASUNAIR s\u1ebd x\u1eed l\u00fd \u0111\u01a1n h\u00e0ng trong v\u00f2ng 24h v\u00e0 ph\u1ea3n h\u1ed3i l\u1ea1i th\u00f4ng tin l\u1ea1i cho kh\u00e1ch h\u00e0ng v\u1ec1 vi\u1ec7c thanh to\u00e1n v\u00e0 giao nh\u1eadn. Th\u1eddi gian giao h\u00e0ng th\u01b0\u1eddng trong kho\u1ea3ng t\u1eeb 3-5 ng\u00e0y k\u1ec3 t\u1eeb ng\u00e0y ch\u1ed1t \u0111\u01a1n h\u00e0ng ho\u1eb7c theo th\u1ecfa [&hellip;]<\/p>","protected":false},"author":1,"featured_media":0,"parent":0,"menu_order":0,"comment_status":"closed","ping_status":"closed","template":"template-parts\/policy.php","meta":{"footnotes":""},"class_list":["post-1614","page","type-page","status-publish","hentry"],"acf":[],"yoast_head":"<!-- This site is optimized with the Yoast SEO plugin v26.7 - https:\/\/yoast.com\/wordpress\/plugins\/seo\/ -->\n<title>Ch\u00ednh s\u00e1ch giao h\u00e0ng -<\/title>\n<meta name=\"robots\" content=\"index, follow, max-snippet:-1, max-image-preview:large, max-video-preview:-1\" \/>\n<link rel=\"canonical\" href=\"https:\/\/kasunair.com.vn\/en\/chinh-sach-giao-hang\/\" \/>\n<meta property=\"og:locale\" content=\"en_US\" \/>\n<meta property=\"og:type\" content=\"article\" \/>\n<meta property=\"og:title\" content=\"Ch\u00ednh s\u00e1ch giao h\u00e0ng -\" \/>\n<meta property=\"og:description\" content=\"Th\u00f4ng th\u01b0\u1eddng sau khi nh\u1eadn \u0111\u01b0\u1ee3c th\u00f4ng tin \u0111\u1eb7t h\u00e0ng KASUNAIR s\u1ebd x\u1eed l\u00fd \u0111\u01a1n h\u00e0ng trong v\u00f2ng 24h v\u00e0 ph\u1ea3n h\u1ed3i l\u1ea1i th\u00f4ng tin l\u1ea1i cho kh\u00e1ch h\u00e0ng v\u1ec1 vi\u1ec7c thanh to\u00e1n v\u00e0 giao nh\u1eadn. Th\u1eddi gian giao h\u00e0ng th\u01b0\u1eddng trong kho\u1ea3ng t\u1eeb 3-5 ng\u00e0y k\u1ec3 t\u1eeb ng\u00e0y ch\u1ed1t \u0111\u01a1n h\u00e0ng ho\u1eb7c theo th\u1ecfa [&hellip;]\" \/>\n<meta property=\"og:url\" content=\"https:\/\/kasunair.com.vn\/en\/chinh-sach-giao-hang\/\" \/>\n<meta property=\"article:modified_time\" content=\"2024-09-12T09:18:08+00:00\" \/>\n<meta name=\"twitter:card\" content=\"summary_large_image\" \/>\n<meta name=\"twitter:label1\" content=\"Est. reading time\" \/>\n\t<meta name=\"twitter:data1\" content=\"2 minutes\" \/>\n<script type=\"application\/ld+json\" class=\"yoast-schema-graph\">{\"@context\":\"https:\/\/schema.org\",\"@graph\":[{\"@type\":\"WebPage\",\"@id\":\"https:\/\/kasunair.com.vn\/chinh-sach-giao-hang\/\",\"url\":\"https:\/\/kasunair.com.vn\/chinh-sach-giao-hang\/\",\"name\":\"Ch\u00ednh s\u00e1ch giao h\u00e0ng -\",\"isPartOf\":{\"@id\":\"https:\/\/kasunair.com.vn\/#website\"},\"datePublished\":\"2024-09-12T07:04:33+00:00\",\"dateModified\":\"2024-09-12T09:18:08+00:00\",\"breadcrumb\":{\"@id\":\"https:\/\/kasunair.com.vn\/chinh-sach-giao-hang\/#breadcrumb\"},\"inLanguage\":\"en-US\",\"potentialAction\":[{\"@type\":\"ReadAction\",\"target\":[\"https:\/\/kasunair.com.vn\/chinh-sach-giao-hang\/\"]}]},{\"@type\":\"BreadcrumbList\",\"@id\":\"https:\/\/kasunair.com.vn\/chinh-sach-giao-hang\/#breadcrumb\",\"itemListElement\":[{\"@type\":\"ListItem\",\"position\":1,\"name\":\"Trang ch\u1ee7\",\"item\":\"https:\/\/kasunair.com.vn\/\"},{\"@type\":\"ListItem\",\"position\":2,\"name\":\"Ch\u00ednh s\u00e1ch giao h\u00e0ng\"}]},{\"@type\":\"WebSite\",\"@id\":\"https:\/\/kasunair.com.vn\/#website\",\"url\":\"https:\/\/kasunair.com.vn\/\",\"name\":\"\",\"description\":\"Industrial HVAC equipment manufacturer\",\"potentialAction\":[{\"@type\":\"SearchAction\",\"target\":{\"@type\":\"EntryPoint\",\"urlTemplate\":\"https:\/\/kasunair.com.vn\/?s={search_term_string}\"},\"query-input\":{\"@type\":\"PropertyValueSpecification\",\"valueRequired\":true,\"valueName\":\"search_term_string\"}}],\"inLanguage\":\"en-US\"}]}<\/script>\n<!-- \/ Yoast SEO plugin. -->","yoast_head_json":{"title":"Ch\u00ednh s\u00e1ch giao h\u00e0ng -","robots":{"index":"index","follow":"follow","max-snippet":"max-snippet:-1","max-image-preview":"max-image-preview:large","max-video-preview":"max-video-preview:-1"},"canonical":"https:\/\/kasunair.com.vn\/en\/chinh-sach-giao-hang\/","og_locale":"en_US","og_type":"article","og_title":"Ch\u00ednh s\u00e1ch giao h\u00e0ng -","og_description":"Th\u00f4ng th\u01b0\u1eddng sau khi nh\u1eadn \u0111\u01b0\u1ee3c th\u00f4ng tin \u0111\u1eb7t h\u00e0ng KASUNAIR s\u1ebd x\u1eed l\u00fd \u0111\u01a1n h\u00e0ng trong v\u00f2ng 24h v\u00e0 ph\u1ea3n h\u1ed3i l\u1ea1i th\u00f4ng tin l\u1ea1i cho kh\u00e1ch h\u00e0ng v\u1ec1 vi\u1ec7c thanh to\u00e1n v\u00e0 giao nh\u1eadn. Th\u1eddi gian giao h\u00e0ng th\u01b0\u1eddng trong kho\u1ea3ng t\u1eeb 3-5 ng\u00e0y k\u1ec3 t\u1eeb ng\u00e0y ch\u1ed1t \u0111\u01a1n h\u00e0ng ho\u1eb7c theo th\u1ecfa [&hellip;]","og_url":"https:\/\/kasunair.com.vn\/en\/chinh-sach-giao-hang\/","article_modified_time":"2024-09-12T09:18:08+00:00","twitter_card":"summary_large_image","twitter_misc":{"Est. reading time":"2 minutes"},"schema":{"@context":"https:\/\/schema.org","@graph":[{"@type":"WebPage","@id":"https:\/\/kasunair.com.vn\/chinh-sach-giao-hang\/","url":"https:\/\/kasunair.com.vn\/chinh-sach-giao-hang\/","name":"Ch\u00ednh s\u00e1ch giao h\u00e0ng -","isPartOf":{"@id":"https:\/\/kasunair.com.vn\/#website"},"datePublished":"2024-09-12T07:04:33+00:00","dateModified":"2024-09-12T09:18:08+00:00","breadcrumb":{"@id":"https:\/\/kasunair.com.vn\/chinh-sach-giao-hang\/#breadcrumb"},"inLanguage":"en-US","potentialAction":[{"@type":"ReadAction","target":["https:\/\/kasunair.com.vn\/chinh-sach-giao-hang\/"]}]},{"@type":"BreadcrumbList","@id":"https:\/\/kasunair.com.vn\/chinh-sach-giao-hang\/#breadcrumb","itemListElement":[{"@type":"ListItem","position":1,"name":"Trang ch\u1ee7","item":"https:\/\/kasunair.com.vn\/"},{"@type":"ListItem","position":2,"name":"Ch\u00ednh s\u00e1ch giao h\u00e0ng"}]},{"@type":"WebSite","@id":"https:\/\/kasunair.com.vn\/#website","url":"https:\/\/kasunair.com.vn\/","name":"","description":"Industrial HVAC equipment manufacturer","potentialAction":[{"@type":"SearchAction","target":{"@type":"EntryPoint","urlTemplate":"https:\/\/kasunair.com.vn\/?s={search_term_string}"},"query-input":{"@type":"PropertyValueSpecification","valueRequired":true,"valueName":"search_term_string"}}],"inLanguage":"en-US"}]}},"_links":{"self":[{"href":"https:\/\/kasunair.com.vn\/en\/wp-json\/wp\/v2\/pages\/1614","targetHints":{"allow":["GET"]}}],"collection":[{"href":"https:\/\/kasunair.com.vn\/en\/wp-json\/wp\/v2\/pages"}],"about":[{"href":"https:\/\/kasunair.com.vn\/en\/wp-json\/wp\/v2\/types\/page"}],"author":[{"embeddable":true,"href":"https:\/\/kasunair.com.vn\/en\/wp-json\/wp\/v2\/users\/1"}],"replies":[{"embeddable":true,"href":"https:\/\/kasunair.com.vn\/en\/wp-json\/wp\/v2\/comments?post=1614"}],"version-history":[{"count":2,"href":"https:\/\/kasunair.com.vn\/en\/wp-json\/wp\/v2\/pages\/1614\/revisions"}],"predecessor-version":[{"id":1629,"href":"https:\/\/kasunair.com.vn\/en\/wp-json\/wp\/v2\/pages\/1614\/revisions\/1629"}],"wp:attachment":[{"href":"https:\/\/kasunair.com.vn\/en\/wp-json\/wp\/v2\/media?parent=1614"}],"curies":[{"name":"wp","href":"https:\/\/api.w.org\/{rel}","templated":true}]}}